{"id":11073,"date":"2022-07-18T10:25:11","date_gmt":"2022-07-18T09:25:11","guid":{"rendered":"https:\/\/www.aquaticip.com\/lineo-xp\/"},"modified":"2022-10-19T13:17:31","modified_gmt":"2022-10-19T12:17:31","slug":"lineo-xp","status":"publish","type":"page","link":"https:\/\/www.aquaticip.com\/ca\/lineo-xp\/","title":{"rendered":"Lineo XP"},"content":{"rendered":"<p><div class=\"fusion-fullwidth fullwidth-box fusion-builder-row-1 nonhundred-percent-fullwidth non-hundred-percent-height-scrolling\" style=\"--awb-border-radius-top-left:0px;--awb-border-radius-top-right:0px;--awb-border-radius-bottom-right:0px;--awb-border-radius-bottom-left:0px;--awb-padding-top:0px;--awb-padding-bottom:0px;--awb-margin-top:0px;--awb-margin-bottom:0px;--awb-background-color:var(--awb-color1);--awb-flex-wrap:wrap;\" ><div class=\"fusion-builder-row fusion-row\"><div class=\"fusion-layout-column fusion_builder_column fusion-builder-column-0 fusion_builder_column_1_1 1_1 fusion-one-full fusion-column-first fusion-column-last\" style=\"--awb-bg-size:cover;--awb-margin-bottom:50px;\"><div class=\"fusion-column-wrapper fusion-column-has-shadow fusion-flex-column-wrapper-legacy\"><div class=\"fusion-image-element fusion-image-align-center in-legacy-container\" style=\"text-align:center;--awb-caption-title-font-family:var(--h2_typography-font-family);--awb-caption-title-font-weight:var(--h2_typography-font-weight);--awb-caption-title-font-style:var(--h2_typography-font-style);--awb-caption-title-size:var(--h2_typography-font-size);--awb-caption-title-transform:var(--h2_typography-text-transform);--awb-caption-title-line-height:var(--h2_typography-line-height);--awb-caption-title-letter-spacing:var(--h2_typography-letter-spacing);\"><div class=\"imageframe-align-center\"><span class=\" fusion-imageframe imageframe-none imageframe-1 hover-type-none\"><img decoding=\"async\" width=\"280\" height=\"85\" title=\"lineo\" src=\"https:\/\/www.aquaticip.com\/wp-content\/uploads\/2022\/07\/lineo-1.jpg\" alt class=\"img-responsive wp-image-9982\" srcset=\"https:\/\/www.aquaticip.com\/wp-content\/uploads\/2022\/07\/lineo-1-200x61.jpg 200w, https:\/\/www.aquaticip.com\/wp-content\/uploads\/2022\/07\/lineo-1.jpg 280w\" sizes=\"(max-width: 1051px) 100vw, 280px\" \/><\/span><\/div><\/div><div class=\"fusion-clearfix\"><\/div><\/div><\/div><div class=\"fusion-layout-column fusion_builder_column fusion-builder-column-1 fusion_builder_column_2_3 2_3 fusion-two-third fusion-column-first\" style=\"--awb-bg-size:cover;width:66.666666666667%;width:calc(66.666666666667% - ( ( 4% ) * 0.66666666666667 ) );margin-right: 4%;\"><div class=\"fusion-column-wrapper fusion-column-has-shadow fusion-flex-column-wrapper-legacy\"><div class=\"fusion-text fusion-text-1\" style=\"--awb-content-alignment:left;--awb-font-size:16px;--awb-text-color:var(--awb-color8);--awb-text-font-family:&quot;Gotham Light&quot;;--awb-text-font-style:normal;--awb-text-font-weight:400;\"><p>Raspall motoritzat d&#8217;\u00fas manual per a la neteja de la l\u00ednia de flotaci\u00f3, sureres, escales, dutxes i altres accessoris de la piscina. \u00c9s compacte, f\u00e0cil de manejar i t\u00e9 una bateria de 12\/24 volts.<\/p>\n<p>Caracter\u00edstiques:<\/p>\n<ul>\n<li>Autonomia: 1h30 a 3h<\/li>\n<li>Rendiment superficial: 205m\u00b2\/h<\/li>\n<li>Pot\u00e8ncia de 40 w<\/li>\n<li>Pes 2,3 kg<\/li>\n<li>M\u00e0nec telesc\u00f2pic 150-250 cm<\/li>\n<li>Carregador de bateria: de s\u00e8rie<\/li>\n<li>Amplada de treball del pinzell: 150 mm<\/li>\n<li>Neteja: motor de raspall ajustable de 70\u00b0<\/li>\n<li>1 bateria de 2 kg protegida en 1 bossa<\/li>\n<li>1 any de garantia<\/li>\n<\/ul>\n<\/div><div class=\"fusion-clearfix\"><\/div><\/div><\/div><div class=\"fusion-layout-column fusion_builder_column fusion-builder-column-2 fusion_builder_column_1_3 1_3 fusion-one-third fusion-column-last\" style=\"--awb-bg-size:cover;width:33.333333333333%;width:calc(33.333333333333% - ( ( 4% ) * 0.33333333333333 ) );\"><div class=\"fusion-column-wrapper fusion-column-has-shadow fusion-flex-column-wrapper-legacy\"><div class=\"fusion-image-element in-legacy-container\" style=\"--awb-caption-title-font-family:var(--h2_typography-font-family);--awb-caption-title-font-weight:var(--h2_typography-font-weight);--awb-caption-title-font-style:var(--h2_typography-font-style);--awb-caption-title-size:var(--h2_typography-font-size);--awb-caption-title-transform:var(--h2_typography-text-transform);--awb-caption-title-line-height:var(--h2_typography-line-height);--awb-caption-title-letter-spacing:var(--h2_typography-letter-spacing);\"><span class=\" fusion-imageframe imageframe-none imageframe-2 hover-type-none\"><img decoding=\"async\" width=\"200\" height=\"268\" title=\"UK_Lineo fiche 2019\" src=\"https:\/\/www.aquaticip.com\/wp-content\/uploads\/2022\/07\/UK_Lineo-fiche-2019-200x268.jpg\" alt class=\"img-responsive wp-image-9999\" srcset=\"https:\/\/www.aquaticip.com\/wp-content\/uploads\/2022\/07\/UK_Lineo-fiche-2019-200x268.jpg 200w, https:\/\/www.aquaticip.com\/wp-content\/uploads\/2022\/07\/UK_Lineo-fiche-2019-400x536.jpg 400w, https:\/\/www.aquaticip.com\/wp-content\/uploads\/2022\/07\/UK_Lineo-fiche-2019-600x805.jpg 600w, https:\/\/www.aquaticip.com\/wp-content\/uploads\/2022\/07\/UK_Lineo-fiche-2019-800x1073.jpg 800w, https:\/\/www.aquaticip.com\/wp-content\/uploads\/2022\/07\/UK_Lineo-fiche-2019-1200x1609.jpg 1200w, https:\/\/www.aquaticip.com\/wp-content\/uploads\/2022\/07\/UK_Lineo-fiche-2019-scaled.jpg 1909w\" sizes=\"(max-width: 1051px) 100vw, 400px\" \/><\/span><\/div><div class=\"fusion-clearfix\"><\/div><\/div><\/div><\/div><\/div><div class=\"fusion-fullwidth fullwidth-box fusion-builder-row-2 fusion-flex-container hundred-percent-fullwidth non-hundred-percent-height-scrolling\" style=\"--awb-border-radius-top-left:0px;--awb-border-radius-top-right:0px;--awb-border-radius-bottom-right:0px;--awb-border-radius-bottom-left:0px;--awb-padding-top:20px;--awb-margin-top:20px;--awb-flex-wrap:wrap;\" ><div class=\"fusion-builder-row fusion-row fusion-flex-align-items-flex-start fusion-flex-content-wrap\" style=\"width:104% !important;max-width:104% !important;margin-left: calc(-4% \/ 2 );margin-right: calc(-4% \/ 2 );\"><div class=\"fusion-layout-column fusion_builder_column fusion-builder-column-3 fusion_builder_column_1_1 1_1 fusion-flex-column fusion-no-small-visibility fusion-no-medium-visibility\" style=\"--awb-bg-size:cover;--awb-width-large:100%;--awb-margin-top-large:0px;--awb-spacing-right-large:1.92%;--awb-margin-bottom-large:20px;--awb-spacing-left-large:1.92%;--awb-width-medium:100%;--awb-order-medium:0;--awb-spacing-right-medium:1.92%;--awb-spacing-left-medium:1.92%;--awb-width-small:100%;--awb-order-small:0;--awb-spacing-right-small:1.92%;--awb-spacing-left-small:1.92%;\"><div class=\"fusion-column-wrapper fusion-column-has-shadow fusion-flex-justify-content-flex-start fusion-content-layout-column\"><div class=\"awb-gallery-wrapper awb-gallery-wrapper-1 button-span-no\" style=\"--more-btn-alignment:center;\"><div style=\"margin:0px;--awb-aspect-ratio:3 \/ 2;--awb-bordersize:0px;\" class=\"fusion-gallery fusion-gallery-container fusion-grid-5 fusion-columns-total-5 fusion-gallery-layout-grid fusion-gallery-1 has-aspect-ratio\"><div style=\"padding:0px;\" class=\"fusion-grid-column fusion-gallery-column fusion-gallery-column-5 hover-type-none\"><div class=\"fusion-gallery-image\"><a href=\"https:\/\/www.aquaticip.com\/wp-content\/uploads\/2022\/07\/LINEO-ACCESORIOS.jpg\" rel=\"noreferrer\" data-rel=\"iLightbox[gallery_image_1]\" class=\"fusion-lightbox\" target=\"_self\"><img decoding=\"async\" src=\"https:\/\/www.aquaticip.com\/wp-content\/uploads\/2022\/07\/LINEO-ACCESORIOS-320x202.jpg\" width=\"320\" height=\"202\" alt=\"\" title=\"LINEO ACCESORIOS\" aria-label=\"LINEO ACCESORIOS\" class=\"img-responsive wp-image-9991 fusion-gallery-image-size-fixed\" srcset=\"https:\/\/www.aquaticip.com\/wp-content\/uploads\/2022\/07\/LINEO-ACCESORIOS-320x202.jpg 320w, https:\/\/www.aquaticip.com\/wp-content\/uploads\/2022\/07\/LINEO-ACCESORIOS-700x441.jpg 700w\" sizes=\"(max-width: 320px) 100vw, 320px\" \/><\/a><\/div><\/div><div style=\"padding:0px;\" class=\"fusion-grid-column fusion-gallery-column fusion-gallery-column-5 hover-type-none\"><div class=\"fusion-gallery-image\"><a href=\"https:\/\/www.aquaticip.com\/wp-content\/uploads\/2022\/07\/LINEO-XP-EN-USO1.png\" rel=\"noreferrer\" data-rel=\"iLightbox[gallery_image_1]\" class=\"fusion-lightbox\" target=\"_self\"><img decoding=\"async\" src=\"https:\/\/www.aquaticip.com\/wp-content\/uploads\/2022\/07\/LINEO-XP-EN-USO1-320x202.png\" width=\"320\" height=\"202\" alt=\"\" title=\"LINEO XP EN USO1\" aria-label=\"LINEO XP EN USO1\" class=\"img-responsive wp-image-9993 fusion-gallery-image-size-fixed\"  \/><\/a><\/div><\/div><div style=\"padding:0px;\" class=\"fusion-grid-column fusion-gallery-column fusion-gallery-column-5 hover-type-none\"><div class=\"fusion-gallery-image\"><a href=\"https:\/\/www.aquaticip.com\/wp-content\/uploads\/2022\/07\/lineo-0.jpg\" rel=\"noreferrer\" data-rel=\"iLightbox[gallery_image_1]\" class=\"fusion-lightbox\" target=\"_self\"><img decoding=\"async\" src=\"https:\/\/www.aquaticip.com\/wp-content\/uploads\/2022\/07\/lineo-0-320x202.jpg\" width=\"320\" height=\"202\" alt=\"\" title=\"lineo-0\" aria-label=\"lineo-0\" class=\"img-responsive wp-image-9983 fusion-gallery-image-size-fixed\"  \/><\/a><\/div><\/div><div style=\"padding:0px;\" class=\"fusion-grid-column fusion-gallery-column fusion-gallery-column-5 hover-type-none\"><div class=\"fusion-gallery-image\"><a href=\"https:\/\/www.aquaticip.com\/wp-content\/uploads\/2022\/07\/lineo-xp-1.jpg\" rel=\"noreferrer\" data-rel=\"iLightbox[gallery_image_1]\" class=\"fusion-lightbox\" target=\"_self\"><img decoding=\"async\" src=\"https:\/\/www.aquaticip.com\/wp-content\/uploads\/2022\/07\/lineo-xp-1-320x202.jpg\" width=\"320\" height=\"202\" alt=\"\" title=\"OLYMPUS DIGITAL CAMERA\" aria-label=\"OLYMPUS DIGITAL CAMERA\" class=\"img-responsive wp-image-9977 fusion-gallery-image-size-fixed\" srcset=\"https:\/\/www.aquaticip.com\/wp-content\/uploads\/2022\/07\/lineo-xp-1-320x202.jpg 320w, https:\/\/www.aquaticip.com\/wp-content\/uploads\/2022\/07\/lineo-xp-1-700x441.jpg 700w\" sizes=\"(max-width: 320px) 100vw, 320px\" \/><\/a><\/div><\/div><div style=\"padding:0px;\" class=\"fusion-grid-column fusion-gallery-column fusion-gallery-column-5 hover-type-none\"><div class=\"fusion-gallery-image\"><a href=\"https:\/\/www.aquaticip.com\/wp-content\/uploads\/2022\/08\/FOTO-LINEO-XP-DURANTE-USO.png\" rel=\"noreferrer\" data-rel=\"iLightbox[gallery_image_1]\" class=\"fusion-lightbox\" target=\"_self\"><img decoding=\"async\" src=\"https:\/\/www.aquaticip.com\/wp-content\/uploads\/2022\/08\/FOTO-LINEO-XP-DURANTE-USO-203x202.png\" width=\"203\" height=\"202\" alt=\"\" title=\"FOTO LINEO XP DURANTE USO\" aria-label=\"FOTO LINEO XP DURANTE USO\" class=\"img-responsive wp-image-10524 fusion-gallery-image-size-fixed\" srcset=\"https:\/\/www.aquaticip.com\/wp-content\/uploads\/2022\/08\/FOTO-LINEO-XP-DURANTE-USO-66x66.png 66w, https:\/\/www.aquaticip.com\/wp-content\/uploads\/2022\/08\/FOTO-LINEO-XP-DURANTE-USO-150x150.png 150w, https:\/\/www.aquaticip.com\/wp-content\/uploads\/2022\/08\/FOTO-LINEO-XP-DURANTE-USO-203x202.png 203w\" sizes=\"(max-width: 203px) 100vw, 203px\" \/><\/a><\/div><\/div><div class=\"clearfix\"><\/div><\/div><\/div><\/div><\/div><\/div><\/div><div class=\"fusion-fullwidth fullwidth-box fusion-builder-row-3 fusion-flex-container nonhundred-percent-fullwidth non-hundred-percent-height-scrolling\" style=\"--awb-border-radius-top-left:0px;--awb-border-radius-top-right:0px;--awb-border-radius-bottom-right:0px;--awb-border-radius-bottom-left:0px;--awb-margin-top:30px;--awb-margin-bottom:30px;--awb-flex-wrap:wrap;\" ><div class=\"fusion-builder-row fusion-row fusion-flex-align-items-flex-start fusion-flex-content-wrap\" style=\"max-width:1144px;margin-left: calc(-4% \/ 2 );margin-right: calc(-4% \/ 2 );\"><div class=\"fusion-layout-column fusion_builder_column fusion-builder-column-4 fusion_builder_column_1_1 1_1 fusion-flex-column fusion-animated\" style=\"--awb-padding-top:35px;--awb-padding-bottom:35px;--awb-bg-blend:overlay;--awb-bg-size:cover;--awb-width-large:100%;--awb-margin-top-large:0px;--awb-spacing-right-large:1.92%;--awb-margin-bottom-large:0px;--awb-spacing-left-large:1.92%;--awb-width-medium:100%;--awb-spacing-right-medium:1.92%;--awb-spacing-left-medium:1.92%;--awb-width-small:100%;--awb-spacing-right-small:1.92%;--awb-spacing-left-small:1.92%;\" data-animationType=\"fadeInUp\" data-animationDuration=\"1.3\" data-animationOffset=\"top-into-view\"><div class=\"fusion-column-wrapper fusion-flex-justify-content-flex-start fusion-content-layout-column\"><div style=\"text-align:center;\"><a class=\"fusion-button button-flat fusion-button-default-size button-lightgray fusion-button-lightgray button-1 fusion-button-default-span \" style=\"--button_text_transform:none;--button_font_size:16px;--button_padding-top:16px;--button_padding-right:36px;--button_padding-bottom:16px;--button_padding-left:36px;--button_typography-font-family:&quot;Gotham Light&quot;;--button_typography-font-style:normal;--button_typography-font-weight:400;\" target=\"_self\" href=\"https:\/\/www.aquaticip.com\/ca\/robots-de-limpieza\/\"><i class=\"fa-angle-left fas awb-button__icon awb-button__icon--default button-icon-left\" aria-hidden=\"true\"><\/i><span class=\"fusion-button-text awb-button__text awb-button__text--default\">Tornar a robots de neteja<\/span><\/a><\/div><\/div><\/div><\/div><\/div>\n<div class=\"fusion-fullwidth fullwidth-box fusion-builder-row-4 fusion-flex-container nonhundred-percent-fullwidth non-hundred-percent-height-scrolling\" style=\"--awb-border-radius-top-left:0px;--awb-border-radius-top-right:0px;--awb-border-radius-bottom-right:0px;--awb-border-radius-bottom-left:0px;--awb-flex-wrap:wrap;\" ><div class=\"fusion-builder-row fusion-row fusion-flex-align-items-flex-start fusion-flex-content-wrap\" style=\"max-width:1144px;margin-left: calc(-4% \/ 2 );margin-right: calc(-4% \/ 2 );\"><div class=\"fusion-layout-column fusion_builder_column fusion-builder-column-5 fusion_builder_column_1_1 1_1 fusion-flex-column\" style=\"--awb-bg-size:cover;--awb-width-large:100%;--awb-margin-top-large:0px;--awb-spacing-right-large:1.92%;--awb-margin-bottom-large:0px;--awb-spacing-left-large:1.92%;--awb-width-medium:100%;--awb-spacing-right-medium:1.92%;--awb-spacing-left-medium:1.92%;--awb-width-small:100%;--awb-spacing-right-small:1.92%;--awb-spacing-left-small:1.92%;\"><div class=\"fusion-column-wrapper fusion-flex-justify-content-flex-start fusion-content-layout-column\"><\/div><\/div><\/div><\/div><div class=\"fusion-fullwidth fullwidth-box fusion-builder-row-5 has-pattern-background has-mask-background hundred-percent-fullwidth non-hundred-percent-height-scrolling\" style=\"--link_hover_color: var(--awb-color5);--link_color: var(--awb-color5);--awb-border-sizes-top:0px;--awb-border-sizes-bottom:0px;--awb-border-sizes-left:0px;--awb-border-sizes-right:0px;--awb-border-color:var(--awb-color3);--awb-border-radius-top-left:0px;--awb-border-radius-top-right:0px;--awb-border-radius-bottom-right:0px;--awb-border-radius-bottom-left:0px;--awb-padding-top:50px;--awb-padding-right:44px;--awb-padding-bottom:50px;--awb-padding-left:40px;--awb-margin-top:0px;--awb-margin-bottom:0px;--awb-background-color:var(--awb-custom_color_6);--awb-flex-wrap:wrap;\" ><div class=\"fusion-builder-row fusion-row\"><div class=\"fusion-layout-column fusion_builder_column fusion-builder-column-6 fusion_builder_column_1_1 1_1 fusion-one-full fusion-column-first fusion-column-last fusion-animated\" style=\"--awb-padding-bottom-medium:0px;--awb-bg-size:cover;--awb-margin-bottom:0px;\" data-animationType=\"fadeInUp\" data-animationDuration=\"1.3\" data-animationOffset=\"top-into-view\"><div class=\"fusion-column-wrapper fusion-column-has-shadow fusion-flex-column-wrapper-legacy\"><div class=\"fusion-text fusion-text-2 fusion-text-no-margin\" style=\"--awb-content-alignment:center;--awb-font-size:25px;--awb-text-transform:var(--awb-typography4-text-transform);--awb-text-color:var(--awb-color1);--awb-margin-top:0px;--awb-margin-bottom:0px;--awb-text-font-family:&quot;Interstate Condensed Light&quot;;--awb-text-font-style:normal;--awb-text-font-weight:400;\"><p style=\"text-align: center;\">Hexagone \u00e9s el l\u00edder europeu en neteja de piscines p\u00fabliques i col\u00b7lectives.<\/p>\n<\/div><div class=\"fusion-clearfix\"><\/div><\/div><\/div><\/div><\/div><\/p>\n","protected":false},"excerpt":{"rendered":"","protected":false},"author":328,"featured_media":0,"parent":0,"menu_order":0,"comment_status":"closed","ping_status":"closed","template":"100-width.php","meta":{"footnotes":""},"class_list":["post-11073","page","type-page","status-publish","hentry"],"yoast_head":"<!-- This site is optimized with the Yoast SEO plugin v27.2 - https:\/\/yoast.com\/product\/yoast-seo-wordpress\/ -->\n<title>Lineo XP - Aquatic Ingenieria y Proyectos de piscinas e industria<\/title>\n<meta name=\"robots\" content=\"index, follow, max-snippet:-1, max-image-preview:large, max-video-preview:-1\" \/>\n<link rel=\"canonical\" href=\"https:\/\/www.aquaticip.com\/ca\/lineo-xp\/\" \/>\n<meta property=\"og:locale\" content=\"ca_ES\" \/>\n<meta property=\"og:type\" content=\"article\" \/>\n<meta property=\"og:title\" content=\"Lineo XP - Aquatic Ingenieria y Proyectos de piscinas e industria\" \/>\n<meta property=\"og:url\" content=\"https:\/\/www.aquaticip.com\/ca\/lineo-xp\/\" \/>\n<meta property=\"og:site_name\" content=\"Aquatic Ingenieria y Proyectos de piscinas e industria\" \/>\n<meta property=\"article:publisher\" content=\"https:\/\/es-es.facebook.com\/quicesawatercare\/\" \/>\n<meta property=\"article:modified_time\" content=\"2022-10-19T12:17:31+00:00\" \/>\n<meta name=\"twitter:card\" content=\"summary_large_image\" \/>\n<meta name=\"twitter:label1\" content=\"Temps estimat de lectura\" \/>\n\t<meta name=\"twitter:data1\" content=\"6 minuts\" \/>\n<script type=\"application\/ld+json\" class=\"yoast-schema-graph\">{\"@context\":\"https:\/\/schema.org\",\"@graph\":[{\"@type\":\"WebPage\",\"@id\":\"https:\/\/www.aquaticip.com\/ca\/lineo-xp\/\",\"url\":\"https:\/\/www.aquaticip.com\/ca\/lineo-xp\/\",\"name\":\"Lineo XP - Aquatic Ingenieria y Proyectos de piscinas e industria\",\"isPartOf\":{\"@id\":\"https:\/\/www.aquaticip.com\/#website\"},\"datePublished\":\"2022-07-18T09:25:11+00:00\",\"dateModified\":\"2022-10-19T12:17:31+00:00\",\"breadcrumb\":{\"@id\":\"https:\/\/www.aquaticip.com\/ca\/lineo-xp\/#breadcrumb\"},\"inLanguage\":\"ca\",\"potentialAction\":[{\"@type\":\"ReadAction\",\"target\":[\"https:\/\/www.aquaticip.com\/ca\/lineo-xp\/\"]}]},{\"@type\":\"BreadcrumbList\",\"@id\":\"https:\/\/www.aquaticip.com\/ca\/lineo-xp\/#breadcrumb\",\"itemListElement\":[{\"@type\":\"ListItem\",\"position\":1,\"name\":\"Portada\",\"item\":\"https:\/\/www.aquaticip.com\/ca\/\"},{\"@type\":\"ListItem\",\"position\":2,\"name\":\"Lineo XP\"}]},{\"@type\":\"WebSite\",\"@id\":\"https:\/\/www.aquaticip.com\/#website\",\"url\":\"https:\/\/www.aquaticip.com\/\",\"name\":\"Aquatic Ingenieria y Proyectos de piscinas e industria\",\"description\":\"Aquatic, construcci\u00f3n piscinas y sostenibilidad en industria\",\"publisher\":{\"@id\":\"https:\/\/www.aquaticip.com\/#organization\"},\"potentialAction\":[{\"@type\":\"SearchAction\",\"target\":{\"@type\":\"EntryPoint\",\"urlTemplate\":\"https:\/\/www.aquaticip.com\/?s={search_term_string}\"},\"query-input\":{\"@type\":\"PropertyValueSpecification\",\"valueRequired\":true,\"valueName\":\"search_term_string\"}}],\"inLanguage\":\"ca\"},{\"@type\":\"Organization\",\"@id\":\"https:\/\/www.aquaticip.com\/#organization\",\"name\":\"Aquatic Ingenieria y proyectos acu\u00e1ticos\",\"url\":\"https:\/\/www.aquaticip.com\/\",\"logo\":{\"@type\":\"ImageObject\",\"inLanguage\":\"ca\",\"@id\":\"https:\/\/www.aquaticip.com\/#\/schema\/logo\/image\/\",\"url\":\"https:\/\/www.aquaticip.com\/wp-content\/uploads\/2022\/04\/Logo-Aquatic-RGB-25-e1650444501768.png\",\"contentUrl\":\"https:\/\/www.aquaticip.com\/wp-content\/uploads\/2022\/04\/Logo-Aquatic-RGB-25-e1650444501768.png\",\"width\":200,\"height\":49,\"caption\":\"Aquatic Ingenieria y proyectos acu\u00e1ticos\"},\"image\":{\"@id\":\"https:\/\/www.aquaticip.com\/#\/schema\/logo\/image\/\"},\"sameAs\":[\"https:\/\/es-es.facebook.com\/quicesawatercare\/\",\"https:\/\/www.linkedin.com\/showcase\/quicesa-watercare-aquatic\",\"https:\/\/www.youtube.com\/channel\/UCDvwWQSB_QhOm0c4RYs3aIQ\"]}]}<\/script>\n<!-- \/ Yoast SEO plugin. -->","yoast_head_json":{"title":"Lineo XP - Aquatic Ingenieria y Proyectos de piscinas e industria","robots":{"index":"index","follow":"follow","max-snippet":"max-snippet:-1","max-image-preview":"max-image-preview:large","max-video-preview":"max-video-preview:-1"},"canonical":"https:\/\/www.aquaticip.com\/ca\/lineo-xp\/","og_locale":"ca_ES","og_type":"article","og_title":"Lineo XP - Aquatic Ingenieria y Proyectos de piscinas e industria","og_url":"https:\/\/www.aquaticip.com\/ca\/lineo-xp\/","og_site_name":"Aquatic Ingenieria y Proyectos de piscinas e industria","article_publisher":"https:\/\/es-es.facebook.com\/quicesawatercare\/","article_modified_time":"2022-10-19T12:17:31+00:00","twitter_card":"summary_large_image","twitter_misc":{"Temps estimat de lectura":"6 minuts"},"schema":{"@context":"https:\/\/schema.org","@graph":[{"@type":"WebPage","@id":"https:\/\/www.aquaticip.com\/ca\/lineo-xp\/","url":"https:\/\/www.aquaticip.com\/ca\/lineo-xp\/","name":"Lineo XP - Aquatic Ingenieria y Proyectos de piscinas e industria","isPartOf":{"@id":"https:\/\/www.aquaticip.com\/#website"},"datePublished":"2022-07-18T09:25:11+00:00","dateModified":"2022-10-19T12:17:31+00:00","breadcrumb":{"@id":"https:\/\/www.aquaticip.com\/ca\/lineo-xp\/#breadcrumb"},"inLanguage":"ca","potentialAction":[{"@type":"ReadAction","target":["https:\/\/www.aquaticip.com\/ca\/lineo-xp\/"]}]},{"@type":"BreadcrumbList","@id":"https:\/\/www.aquaticip.com\/ca\/lineo-xp\/#breadcrumb","itemListElement":[{"@type":"ListItem","position":1,"name":"Portada","item":"https:\/\/www.aquaticip.com\/ca\/"},{"@type":"ListItem","position":2,"name":"Lineo XP"}]},{"@type":"WebSite","@id":"https:\/\/www.aquaticip.com\/#website","url":"https:\/\/www.aquaticip.com\/","name":"Aquatic Ingenieria y Proyectos de piscinas e industria","description":"Aquatic, construcci\u00f3n piscinas y sostenibilidad en industria","publisher":{"@id":"https:\/\/www.aquaticip.com\/#organization"},"potentialAction":[{"@type":"SearchAction","target":{"@type":"EntryPoint","urlTemplate":"https:\/\/www.aquaticip.com\/?s={search_term_string}"},"query-input":{"@type":"PropertyValueSpecification","valueRequired":true,"valueName":"search_term_string"}}],"inLanguage":"ca"},{"@type":"Organization","@id":"https:\/\/www.aquaticip.com\/#organization","name":"Aquatic Ingenieria y proyectos acu\u00e1ticos","url":"https:\/\/www.aquaticip.com\/","logo":{"@type":"ImageObject","inLanguage":"ca","@id":"https:\/\/www.aquaticip.com\/#\/schema\/logo\/image\/","url":"https:\/\/www.aquaticip.com\/wp-content\/uploads\/2022\/04\/Logo-Aquatic-RGB-25-e1650444501768.png","contentUrl":"https:\/\/www.aquaticip.com\/wp-content\/uploads\/2022\/04\/Logo-Aquatic-RGB-25-e1650444501768.png","width":200,"height":49,"caption":"Aquatic Ingenieria y proyectos acu\u00e1ticos"},"image":{"@id":"https:\/\/www.aquaticip.com\/#\/schema\/logo\/image\/"},"sameAs":["https:\/\/es-es.facebook.com\/quicesawatercare\/","https:\/\/www.linkedin.com\/showcase\/quicesa-watercare-aquatic","https:\/\/www.youtube.com\/channel\/UCDvwWQSB_QhOm0c4RYs3aIQ"]}]}},"_links":{"self":[{"href":"https:\/\/www.aquaticip.com\/ca\/wp-json\/wp\/v2\/pages\/11073","targetHints":{"allow":["GET"]}}],"collection":[{"href":"https:\/\/www.aquaticip.com\/ca\/wp-json\/wp\/v2\/pages"}],"about":[{"href":"https:\/\/www.aquaticip.com\/ca\/wp-json\/wp\/v2\/types\/page"}],"author":[{"embeddable":true,"href":"https:\/\/www.aquaticip.com\/ca\/wp-json\/wp\/v2\/users\/328"}],"replies":[{"embeddable":true,"href":"https:\/\/www.aquaticip.com\/ca\/wp-json\/wp\/v2\/comments?post=11073"}],"version-history":[{"count":4,"href":"https:\/\/www.aquaticip.com\/ca\/wp-json\/wp\/v2\/pages\/11073\/revisions"}],"predecessor-version":[{"id":11715,"href":"https:\/\/www.aquaticip.com\/ca\/wp-json\/wp\/v2\/pages\/11073\/revisions\/11715"}],"wp:attachment":[{"href":"https:\/\/www.aquaticip.com\/ca\/wp-json\/wp\/v2\/media?parent=11073"}],"curies":[{"name":"wp","href":"https:\/\/api.w.org\/{rel}","templated":true}]}}