{"id":11075,"date":"2022-07-13T13:56:04","date_gmt":"2022-07-13T12:56:04","guid":{"rendered":"https:\/\/www.aquaticip.com\/peps\/"},"modified":"2022-10-17T13:04:11","modified_gmt":"2022-10-17T12:04:11","slug":"peps","status":"publish","type":"page","link":"https:\/\/www.aquaticip.com\/ca\/peps\/","title":{"rendered":"Peps"},"content":{"rendered":"<p><div class=\"fusion-fullwidth fullwidth-box fusion-builder-row-1 nonhundred-percent-fullwidth non-hundred-percent-height-scrolling\" style=\"--awb-border-radius-top-left:0px;--awb-border-radius-top-right:0px;--awb-border-radius-bottom-right:0px;--awb-border-radius-bottom-left:0px;--awb-padding-top:0px;--awb-padding-bottom:0px;--awb-margin-top:0px;--awb-margin-bottom:0px;--awb-background-color:var(--awb-color1);--awb-flex-wrap:wrap;\" ><div class=\"fusion-builder-row fusion-row\"><div class=\"fusion-layout-column fusion_builder_column fusion-builder-column-0 fusion_builder_column_1_1 1_1 fusion-one-full fusion-column-first fusion-column-last fusion-no-small-visibility fusion-no-medium-visibility\" style=\"--awb-bg-size:cover;--awb-margin-bottom:50px;\"><div class=\"fusion-column-wrapper fusion-column-has-shadow fusion-flex-column-wrapper-legacy\"><div class=\"fusion-image-element fusion-image-align-center in-legacy-container\" style=\"text-align:center;--awb-caption-title-font-family:var(--h2_typography-font-family);--awb-caption-title-font-weight:var(--h2_typography-font-weight);--awb-caption-title-font-style:var(--h2_typography-font-style);--awb-caption-title-size:var(--h2_typography-font-size);--awb-caption-title-transform:var(--h2_typography-text-transform);--awb-caption-title-line-height:var(--h2_typography-line-height);--awb-caption-title-letter-spacing:var(--h2_typography-letter-spacing);\"><div class=\"imageframe-align-center\"><span class=\" fusion-imageframe imageframe-none imageframe-1 hover-type-none\"><img decoding=\"async\" width=\"300\" height=\"121\" title=\"logo peps\" src=\"https:\/\/www.aquaticip.com\/wp-content\/uploads\/2022\/07\/logo-peps-300x121.png\" alt class=\"img-responsive wp-image-9866\" srcset=\"https:\/\/www.aquaticip.com\/wp-content\/uploads\/2022\/07\/logo-peps-200x81.png 200w, https:\/\/www.aquaticip.com\/wp-content\/uploads\/2022\/07\/logo-peps-400x161.png 400w, https:\/\/www.aquaticip.com\/wp-content\/uploads\/2022\/07\/logo-peps-600x242.png 600w, https:\/\/www.aquaticip.com\/wp-content\/uploads\/2022\/07\/logo-peps-800x322.png 800w, https:\/\/www.aquaticip.com\/wp-content\/uploads\/2022\/07\/logo-peps.png 1147w\" sizes=\"(max-width: 1051px) 100vw, 300px\" \/><\/span><\/div><\/div><div class=\"fusion-clearfix\"><\/div><\/div><\/div><div class=\"fusion-layout-column fusion_builder_column fusion-builder-column-1 fusion_builder_column_2_3 2_3 fusion-two-third fusion-column-first\" style=\"--awb-bg-size:cover;width:66.666666666667%;width:calc(66.666666666667% - ( ( 4% ) * 0.66666666666667 ) );margin-right: 4%;\"><div class=\"fusion-column-wrapper fusion-column-has-shadow fusion-flex-column-wrapper-legacy\"><div class=\"fusion-text fusion-text-1\" style=\"--awb-content-alignment:left;--awb-font-size:16px;--awb-text-color:var(--awb-color8);--awb-text-font-family:&quot;Gotham Light&quot;;--awb-text-font-style:normal;--awb-text-font-weight:400;\"><div class=\"fusion-text fusion-text-1\">\n<p>El netejafons PEPS compta amb un xass\u00eds ultralleuger d&#8217;acer inoxidable amb alta resist\u00e8ncia. El disseny \u00e9s robust i f\u00e0cil de mantenir.<\/p>\n<p>Equipat amb un controlador girosc\u00f2pic i un sensor infraroig, la seva manera d&#8217;aprenentatge autom\u00e0tic fa que el robot sigui extremadament r\u00e0pida i eficient, completant un cicle en una piscina de 15 x 10 m menys de 25 minuts.<\/p>\n<p>Cada robot aspirador ve complet amb carro i control remot.<\/p>\n<\/div>\n<\/div><div class=\"fusion-clearfix\"><\/div><\/div><\/div><div class=\"fusion-layout-column fusion_builder_column fusion-builder-column-2 fusion_builder_column_1_3 1_3 fusion-one-third fusion-column-last\" style=\"--awb-bg-size:cover;width:33.333333333333%;width:calc(33.333333333333% - ( ( 4% ) * 0.33333333333333 ) );\"><div class=\"fusion-column-wrapper fusion-column-has-shadow fusion-flex-column-wrapper-legacy\"><div class=\"fusion-column-content-centered\"><div class=\"fusion-column-content\"><div class=\"fusion-image-element in-legacy-container\" style=\"--awb-caption-title-font-family:var(--h2_typography-font-family);--awb-caption-title-font-weight:var(--h2_typography-font-weight);--awb-caption-title-font-style:var(--h2_typography-font-style);--awb-caption-title-size:var(--h2_typography-font-size);--awb-caption-title-transform:var(--h2_typography-text-transform);--awb-caption-title-line-height:var(--h2_typography-line-height);--awb-caption-title-letter-spacing:var(--h2_typography-letter-spacing);\"><span class=\" fusion-imageframe imageframe-none imageframe-2 hover-type-none\"><img decoding=\"async\" width=\"258\" height=\"300\" title=\"peps frontal\" src=\"https:\/\/www.aquaticip.com\/wp-content\/uploads\/2022\/07\/peps-frontal-258x300.png\" alt class=\"img-responsive wp-image-9869\" srcset=\"https:\/\/www.aquaticip.com\/wp-content\/uploads\/2022\/07\/peps-frontal-200x233.png 200w, https:\/\/www.aquaticip.com\/wp-content\/uploads\/2022\/07\/peps-frontal-400x465.png 400w, https:\/\/www.aquaticip.com\/wp-content\/uploads\/2022\/07\/peps-frontal.png 436w\" sizes=\"(max-width: 1051px) 100vw, 400px\" \/><\/span><\/div><\/div><\/div><div class=\"fusion-clearfix\"><\/div><\/div><\/div><\/div><\/div><div class=\"fusion-fullwidth fullwidth-box fusion-builder-row-2 fusion-flex-container video-background has-pattern-background has-mask-background hundred-percent-fullwidth hundred-percent-height hundred-percent-height-center-content non-hundred-percent-height-scrolling\" style=\"--awb-border-radius-top-left:0px;--awb-border-radius-top-right:0px;--awb-border-radius-bottom-right:0px;--awb-border-radius-bottom-left:0px;--awb-padding-top:120px;--awb-padding-bottom:120px;--awb-margin-top:30px;--awb-margin-bottom:30px;--awb-flex-wrap:wrap;\" ><div class=\"fullwidth-video\"><video preload=\"auto\" autoplay playsinline loop muted><source src=\"https:\/\/www.aquaticip.com\/wp-content\/uploads\/2022\/08\/PEPS-no-writings-short-1.mp4\" type=\"video\/mp4\"><\/video><\/div><div class=\"fusion-builder-row fusion-row fusion-flex-align-items-center fusion-flex-justify-content-center fusion-flex-content-wrap\" style=\"width:104% !important;max-width:104% !important;margin-left: calc(-4% \/ 2 );margin-right: calc(-4% \/ 2 );\"><div class=\"fusion-layout-column fusion_builder_column fusion-builder-column-3 fusion_builder_column_1_1 1_1 fusion-flex-column\" style=\"--awb-padding-top:120px;--awb-padding-bottom:120px;--awb-bg-size:cover;--awb-width-large:100%;--awb-margin-top-large:0px;--awb-spacing-right-large:1.92%;--awb-margin-bottom-large:20px;--awb-spacing-left-large:1.92%;--awb-width-medium:100%;--awb-order-medium:0;--awb-spacing-right-medium:1.92%;--awb-spacing-left-medium:1.92%;--awb-width-small:100%;--awb-order-small:0;--awb-spacing-right-small:1.92%;--awb-spacing-left-small:1.92%;\"><div class=\"fusion-column-wrapper fusion-column-has-shadow fusion-flex-justify-content-flex-start fusion-content-layout-column\"><\/div><\/div><\/div><\/div><div class=\"fusion-fullwidth fullwidth-box fusion-builder-row-3 fusion-flex-container nonhundred-percent-fullwidth non-hundred-percent-height-scrolling\" style=\"--awb-border-radius-top-left:0px;--awb-border-radius-top-right:0px;--awb-border-radius-bottom-right:0px;--awb-border-radius-bottom-left:0px;--awb-padding-top:20px;--awb-margin-top:20px;--awb-flex-wrap:wrap;\" ><div class=\"fusion-builder-row fusion-row fusion-flex-align-items-flex-start fusion-flex-content-wrap\" style=\"max-width:1144px;margin-left: calc(-4% \/ 2 );margin-right: calc(-4% \/ 2 );\"><div class=\"fusion-layout-column fusion_builder_column fusion-builder-column-4 fusion_builder_column_1_1 1_1 fusion-flex-column\" style=\"--awb-bg-size:cover;--awb-width-large:100%;--awb-margin-top-large:0px;--awb-spacing-right-large:1.92%;--awb-margin-bottom-large:20px;--awb-spacing-left-large:1.92%;--awb-width-medium:100%;--awb-order-medium:0;--awb-spacing-right-medium:1.92%;--awb-spacing-left-medium:1.92%;--awb-width-small:100%;--awb-order-small:0;--awb-spacing-right-small:1.92%;--awb-spacing-left-small:1.92%;\"><div class=\"fusion-column-wrapper fusion-column-has-shadow fusion-flex-justify-content-flex-start fusion-content-layout-column\"><div class=\"fusion-text fusion-text-2\" style=\"--awb-content-alignment:center;--awb-font-size:25px;--awb-text-color:var(--awb-color8);--awb-margin-top:0px;--awb-text-font-family:&quot;Interstate Condensed Light&quot;;--awb-text-font-style:normal;--awb-text-font-weight:400;\"><p>Models<\/p>\n<\/div><\/div><\/div><\/div><\/div><div class=\"fusion-fullwidth fullwidth-box fusion-builder-row-4 has-pattern-background has-mask-background fusion-parallax-none hundred-percent-fullwidth non-hundred-percent-height-scrolling fusion-equal-height-columns\" style=\"--awb-border-sizes-top:0px;--awb-border-sizes-bottom:0px;--awb-border-sizes-left:0px;--awb-border-sizes-right:0px;--awb-border-color:var(--awb-color1);--awb-border-radius-top-left:0px;--awb-border-radius-top-right:0px;--awb-border-radius-bottom-right:0px;--awb-border-radius-bottom-left:0px;--awb-padding-top:0px;--awb-padding-right:0px;--awb-padding-bottom:0px;--awb-padding-left:0px;--awb-margin-top:0px;--awb-margin-bottom:0px;--awb-background-color:rgba(255,255,255,0);--awb-background-image:linear-gradient(180deg, var(--awb-color1) 0%,var(--awb-color1) 100%),url();;--awb-background-size:cover;--awb-flex-wrap:wrap;\" ><div class=\"fusion-builder-row fusion-row\"><div class=\"fusion-layout-column fusion_builder_column fusion-builder-column-5 fusion_builder_column_1_2 1_2 fusion-one-half fusion-column-first\" style=\"--awb-padding-top:0px;--awb-bg-color:var(--awb-custom13);--awb-bg-color-hover:var(--awb-custom13);--awb-bg-image:linear-gradient(180deg, var(--awb-color1) 0%,var(--awb-color1) 100%);--awb-bg-size:cover;--awb-border-color:rgba(255,255,255,0.27);--awb-border-right:0;--awb-border-style:solid;--awb-filter:saturate(170%) brightness(103%) opacity(90%);--awb-filter-transition:filter 0.3s ease;--awb-filter-hover:saturate(100%) brightness(88%) opacity(100%);--awb-margin-bottom:0px;width:50%;width:calc(50% - ( ( 0 ) * 0.5 ) );margin-right: 0px;\"><div class=\"fusion-column-wrapper fusion-column-has-shadow fusion-flex-column-wrapper-legacy\"><div class=\"fusion-image-element fusion-image-align-center in-legacy-container\" style=\"text-align:center;--awb-margin-top:10px;--awb-margin-bottom:0px;--awb-caption-title-font-family:var(--h2_typography-font-family);--awb-caption-title-font-weight:var(--h2_typography-font-weight);--awb-caption-title-font-style:var(--h2_typography-font-style);--awb-caption-title-size:var(--h2_typography-font-size);--awb-caption-title-transform:var(--h2_typography-text-transform);--awb-caption-title-line-height:var(--h2_typography-line-height);--awb-caption-title-letter-spacing:var(--h2_typography-letter-spacing);\"><div class=\"imageframe-align-center\"><span class=\" fusion-imageframe imageframe-none imageframe-3 hover-type-none\"><img decoding=\"async\" width=\"110\" height=\"100\" title=\"PEPS300\" src=\"https:\/\/www.aquaticip.com\/wp-content\/uploads\/2022\/07\/PEPS300.png\" alt class=\"img-responsive wp-image-9894\"\/><\/span><\/div><\/div><div class=\"fusion-text fusion-text-3\" style=\"--awb-content-alignment:center;--awb-font-size:25px;--awb-letter-spacing:0px;--awb-text-transform:var(--awb-typography4-text-transform);--awb-text-color:var(--awb-custom_color_6);--awb-margin-top:0%;--awb-margin-right:20%;--awb-margin-left:20%;--awb-text-font-family:&quot;Interstate Condensed Light&quot;;--awb-text-font-style:normal;--awb-text-font-weight:400;\"><p>Peps 300<\/p>\n<\/div>\n<div class=\"table-2\">\n<table class=\"aligncenter\" style=\"height: 270px;\" width=\"429\">\n<tbody>\n<tr>\n<td style=\"text-align: left;\" align=\"left\">Longitud del got: de 25 a 50 m<\/td>\n<\/tr>\n<tr>\n<td style=\"text-align: left;\" align=\"left\">Poder de succi\u00f3: 37 m\u00b3\/h<\/td>\n<\/tr>\n<tr>\n<td align=\"left\">Pes fora de l&#8217;aigua\/en aigua: 17 kg \/ 2 Kg<\/td>\n<\/tr>\n<tr>\n<td align=\"left\">Capacitat de filtraci\u00f3: 6 Kg<\/td>\n<\/tr>\n<tr>\n<td align=\"left\">Velocitat de neteja: 12 m\/min<\/td>\n<\/tr>\n<\/tbody>\n<\/table>\n<\/div>\n<div class=\"fusion-clearfix\"><\/div><\/div><\/div><div class=\"fusion-layout-column fusion_builder_column fusion-builder-column-6 fusion_builder_column_1_2 1_2 fusion-one-half fusion-column-last\" style=\"--awb-padding-top:0px;--awb-bg-color:var(--awb-custom13);--awb-bg-color-hover:var(--awb-custom13);--awb-bg-image:linear-gradient(180deg, var(--awb-color1) 0%,var(--awb-color1) 100%);--awb-bg-size:cover;--awb-border-color:rgba(255,255,255,0.27);--awb-border-right:0;--awb-border-style:solid;--awb-filter:saturate(170%) brightness(103%) opacity(90%);--awb-filter-transition:filter 0.3s ease;--awb-filter-hover:saturate(100%) brightness(88%) opacity(100%);--awb-margin-bottom:0px;width:50%;width:calc(50% - ( ( 0 ) * 0.5 ) );\"><div class=\"fusion-column-wrapper fusion-column-has-shadow fusion-flex-column-wrapper-legacy\"><div class=\"fusion-image-element fusion-image-align-center in-legacy-container\" style=\"text-align:center;--awb-margin-top:10px;--awb-margin-bottom:0px;--awb-caption-title-font-family:var(--h2_typography-font-family);--awb-caption-title-font-weight:var(--h2_typography-font-weight);--awb-caption-title-font-style:var(--h2_typography-font-style);--awb-caption-title-size:var(--h2_typography-font-size);--awb-caption-title-transform:var(--h2_typography-text-transform);--awb-caption-title-line-height:var(--h2_typography-line-height);--awb-caption-title-letter-spacing:var(--h2_typography-letter-spacing);\"><div class=\"imageframe-align-center\"><span class=\" fusion-imageframe imageframe-none imageframe-4 hover-type-none\"><img decoding=\"async\" width=\"110\" height=\"100\" title=\"PEPS200\" src=\"https:\/\/www.aquaticip.com\/wp-content\/uploads\/2022\/07\/PEPS200.png\" alt class=\"img-responsive wp-image-9892\"\/><\/span><\/div><\/div><div class=\"fusion-text fusion-text-4\" style=\"--awb-content-alignment:center;--awb-font-size:25px;--awb-letter-spacing:0px;--awb-text-transform:var(--awb-typography4-text-transform);--awb-text-color:var(--awb-custom_color_6);--awb-margin-top:0%;--awb-margin-right:20%;--awb-margin-left:20%;--awb-text-font-family:&quot;Interstate Condensed Light&quot;;--awb-text-font-style:normal;--awb-text-font-weight:400;\"><p>Peps 200<\/p>\n<\/div>\n<div class=\"table-2\">\n<table class=\"aligncenter\" style=\"height: 270px;\" width=\"429\">\n<tbody>\n<tr>\n<td style=\"text-align: left;\" align=\"left\">Longitud del got: fins a 25m<\/td>\n<\/tr>\n<tr>\n<td style=\"text-align: left;\" align=\"left\">Poder de succi\u00f3: 37 m\u00b3\/h<\/td>\n<\/tr>\n<tr>\n<td align=\"left\">Pes fora de l&#8217;aigua\/en aigua: 14 kg \/ 2 Kg<\/td>\n<\/tr>\n<tr>\n<td align=\"left\">Capacitat de filtraci\u00f3: 4 Kg<\/td>\n<\/tr>\n<tr>\n<td align=\"left\">Velocitat de neteja: 10 m\/min<\/td>\n<\/tr>\n<\/tbody>\n<\/table>\n<\/div>\n<div class=\"fusion-clearfix\"><\/div><\/div><\/div><\/div><\/div><div class=\"fusion-fullwidth fullwidth-box fusion-builder-row-5 fusion-flex-container nonhundred-percent-fullwidth non-hundred-percent-height-scrolling\" style=\"--awb-border-radius-top-left:0px;--awb-border-radius-top-right:0px;--awb-border-radius-bottom-right:0px;--awb-border-radius-bottom-left:0px;--awb-margin-top:30px;--awb-margin-bottom:30px;--awb-flex-wrap:wrap;\" ><div class=\"fusion-builder-row fusion-row fusion-flex-align-items-flex-start fusion-flex-content-wrap\" style=\"max-width:1144px;margin-left: calc(-4% \/ 2 );margin-right: calc(-4% \/ 2 );\"><div class=\"fusion-layout-column fusion_builder_column fusion-builder-column-7 fusion_builder_column_1_1 1_1 fusion-flex-column fusion-animated\" style=\"--awb-padding-top:35px;--awb-padding-bottom:35px;--awb-bg-blend:overlay;--awb-bg-size:cover;--awb-width-large:100%;--awb-margin-top-large:0px;--awb-spacing-right-large:1.92%;--awb-margin-bottom-large:0px;--awb-spacing-left-large:1.92%;--awb-width-medium:100%;--awb-spacing-right-medium:1.92%;--awb-spacing-left-medium:1.92%;--awb-width-small:100%;--awb-spacing-right-small:1.92%;--awb-spacing-left-small:1.92%;\" data-animationType=\"fadeInUp\" data-animationDuration=\"1.3\" data-animationOffset=\"top-into-view\"><div class=\"fusion-column-wrapper fusion-flex-justify-content-flex-start fusion-content-layout-column\"><div style=\"text-align:center;\"><a class=\"fusion-button button-flat fusion-button-default-size button-lightgray fusion-button-lightgray button-1 fusion-button-default-span \" style=\"--button_text_transform:none;--button_font_size:16px;--button_padding-top:16px;--button_padding-right:36px;--button_padding-bottom:16px;--button_padding-left:36px;--button_typography-font-family:&quot;Gotham Light&quot;;--button_typography-font-style:normal;--button_typography-font-weight:400;\" target=\"_self\" href=\"https:\/\/www.aquaticip.com\/ca\/robots-de-limpieza\/\"><i class=\"fa-angle-left fas awb-button__icon awb-button__icon--default button-icon-left\" aria-hidden=\"true\"><\/i><span class=\"fusion-button-text awb-button__text awb-button__text--default\">Tornar a robots de neteja<\/span><\/a><\/div><\/div><\/div><\/div><\/div>\n<div class=\"fusion-fullwidth fullwidth-box fusion-builder-row-6 has-pattern-background has-mask-background hundred-percent-fullwidth non-hundred-percent-height-scrolling\" style=\"--link_hover_color: var(--awb-color5);--link_color: var(--awb-color5);--awb-border-sizes-top:0px;--awb-border-sizes-bottom:0px;--awb-border-sizes-left:0px;--awb-border-sizes-right:0px;--awb-border-color:var(--awb-color3);--awb-border-radius-top-left:0px;--awb-border-radius-top-right:0px;--awb-border-radius-bottom-right:0px;--awb-border-radius-bottom-left:0px;--awb-padding-top:50px;--awb-padding-right:44px;--awb-padding-bottom:50px;--awb-padding-left:40px;--awb-margin-top:0px;--awb-margin-bottom:0px;--awb-background-color:var(--awb-custom_color_6);--awb-flex-wrap:wrap;\" ><div class=\"fusion-builder-row fusion-row\"><div class=\"fusion-layout-column fusion_builder_column fusion-builder-column-8 fusion_builder_column_1_1 1_1 fusion-one-full fusion-column-first fusion-column-last fusion-animated\" style=\"--awb-padding-bottom-medium:0px;--awb-bg-size:cover;--awb-margin-bottom:0px;\" data-animationType=\"fadeInUp\" data-animationDuration=\"1.3\" data-animationOffset=\"top-into-view\"><div class=\"fusion-column-wrapper fusion-column-has-shadow fusion-flex-column-wrapper-legacy\"><div class=\"fusion-text fusion-text-5 fusion-text-no-margin\" style=\"--awb-content-alignment:center;--awb-font-size:25px;--awb-text-transform:var(--awb-typography4-text-transform);--awb-text-color:var(--awb-color1);--awb-margin-top:0px;--awb-margin-bottom:0px;--awb-text-font-family:&quot;Interstate Condensed Light&quot;;--awb-text-font-style:normal;--awb-text-font-weight:400;\"><p style=\"text-align: center;\">Hexagone \u00e9s el l\u00edder europeu en neteja de piscines p\u00fabliques i col\u00b7lectives.<\/p>\n<\/div><div class=\"fusion-clearfix\"><\/div><\/div><\/div><\/div><\/div><\/p>\n","protected":false},"excerpt":{"rendered":"","protected":false},"author":328,"featured_media":0,"parent":0,"menu_order":0,"comment_status":"closed","ping_status":"closed","template":"100-width.php","meta":{"footnotes":""},"class_list":["post-11075","page","type-page","status-publish","hentry"],"yoast_head":"<!-- This site is optimized with the Yoast SEO plugin v27.2 - https:\/\/yoast.com\/product\/yoast-seo-wordpress\/ -->\n<title>Peps - Aquatic Ingenieria y Proyectos de piscinas e industria<\/title>\n<meta name=\"robots\" content=\"index, follow, max-snippet:-1, max-image-preview:large, max-video-preview:-1\" \/>\n<link rel=\"canonical\" href=\"https:\/\/www.aquaticip.com\/ca\/peps\/\" \/>\n<meta property=\"og:locale\" content=\"ca_ES\" \/>\n<meta property=\"og:type\" content=\"article\" \/>\n<meta property=\"og:title\" content=\"Peps - Aquatic Ingenieria y Proyectos de piscinas e industria\" \/>\n<meta property=\"og:url\" content=\"https:\/\/www.aquaticip.com\/ca\/peps\/\" \/>\n<meta property=\"og:site_name\" content=\"Aquatic Ingenieria y Proyectos de piscinas e industria\" \/>\n<meta property=\"article:publisher\" content=\"https:\/\/es-es.facebook.com\/quicesawatercare\/\" \/>\n<meta property=\"article:modified_time\" content=\"2022-10-17T12:04:11+00:00\" \/>\n<meta name=\"twitter:card\" content=\"summary_large_image\" \/>\n<meta name=\"twitter:label1\" content=\"Temps estimat de lectura\" \/>\n\t<meta name=\"twitter:data1\" content=\"23 minuts\" \/>\n<script type=\"application\/ld+json\" class=\"yoast-schema-graph\">{\"@context\":\"https:\/\/schema.org\",\"@graph\":[{\"@type\":\"WebPage\",\"@id\":\"https:\/\/www.aquaticip.com\/ca\/peps\/\",\"url\":\"https:\/\/www.aquaticip.com\/ca\/peps\/\",\"name\":\"Peps - Aquatic Ingenieria y Proyectos de piscinas e industria\",\"isPartOf\":{\"@id\":\"https:\/\/www.aquaticip.com\/#website\"},\"datePublished\":\"2022-07-13T12:56:04+00:00\",\"dateModified\":\"2022-10-17T12:04:11+00:00\",\"breadcrumb\":{\"@id\":\"https:\/\/www.aquaticip.com\/ca\/peps\/#breadcrumb\"},\"inLanguage\":\"ca\",\"potentialAction\":[{\"@type\":\"ReadAction\",\"target\":[\"https:\/\/www.aquaticip.com\/ca\/peps\/\"]}]},{\"@type\":\"BreadcrumbList\",\"@id\":\"https:\/\/www.aquaticip.com\/ca\/peps\/#breadcrumb\",\"itemListElement\":[{\"@type\":\"ListItem\",\"position\":1,\"name\":\"Portada\",\"item\":\"https:\/\/www.aquaticip.com\/ca\/\"},{\"@type\":\"ListItem\",\"position\":2,\"name\":\"Peps\"}]},{\"@type\":\"WebSite\",\"@id\":\"https:\/\/www.aquaticip.com\/#website\",\"url\":\"https:\/\/www.aquaticip.com\/\",\"name\":\"Aquatic Ingenieria y Proyectos de piscinas e industria\",\"description\":\"Aquatic, construcci\u00f3n piscinas y sostenibilidad en industria\",\"publisher\":{\"@id\":\"https:\/\/www.aquaticip.com\/#organization\"},\"potentialAction\":[{\"@type\":\"SearchAction\",\"target\":{\"@type\":\"EntryPoint\",\"urlTemplate\":\"https:\/\/www.aquaticip.com\/?s={search_term_string}\"},\"query-input\":{\"@type\":\"PropertyValueSpecification\",\"valueRequired\":true,\"valueName\":\"search_term_string\"}}],\"inLanguage\":\"ca\"},{\"@type\":\"Organization\",\"@id\":\"https:\/\/www.aquaticip.com\/#organization\",\"name\":\"Aquatic Ingenieria y proyectos acu\u00e1ticos\",\"url\":\"https:\/\/www.aquaticip.com\/\",\"logo\":{\"@type\":\"ImageObject\",\"inLanguage\":\"ca\",\"@id\":\"https:\/\/www.aquaticip.com\/#\/schema\/logo\/image\/\",\"url\":\"https:\/\/www.aquaticip.com\/wp-content\/uploads\/2022\/04\/Logo-Aquatic-RGB-25-e1650444501768.png\",\"contentUrl\":\"https:\/\/www.aquaticip.com\/wp-content\/uploads\/2022\/04\/Logo-Aquatic-RGB-25-e1650444501768.png\",\"width\":200,\"height\":49,\"caption\":\"Aquatic Ingenieria y proyectos acu\u00e1ticos\"},\"image\":{\"@id\":\"https:\/\/www.aquaticip.com\/#\/schema\/logo\/image\/\"},\"sameAs\":[\"https:\/\/es-es.facebook.com\/quicesawatercare\/\",\"https:\/\/www.linkedin.com\/showcase\/quicesa-watercare-aquatic\",\"https:\/\/www.youtube.com\/channel\/UCDvwWQSB_QhOm0c4RYs3aIQ\"]}]}<\/script>\n<!-- \/ Yoast SEO plugin. -->","yoast_head_json":{"title":"Peps - Aquatic Ingenieria y Proyectos de piscinas e industria","robots":{"index":"index","follow":"follow","max-snippet":"max-snippet:-1","max-image-preview":"max-image-preview:large","max-video-preview":"max-video-preview:-1"},"canonical":"https:\/\/www.aquaticip.com\/ca\/peps\/","og_locale":"ca_ES","og_type":"article","og_title":"Peps - Aquatic Ingenieria y Proyectos de piscinas e industria","og_url":"https:\/\/www.aquaticip.com\/ca\/peps\/","og_site_name":"Aquatic Ingenieria y Proyectos de piscinas e industria","article_publisher":"https:\/\/es-es.facebook.com\/quicesawatercare\/","article_modified_time":"2022-10-17T12:04:11+00:00","twitter_card":"summary_large_image","twitter_misc":{"Temps estimat de lectura":"23 minuts"},"schema":{"@context":"https:\/\/schema.org","@graph":[{"@type":"WebPage","@id":"https:\/\/www.aquaticip.com\/ca\/peps\/","url":"https:\/\/www.aquaticip.com\/ca\/peps\/","name":"Peps - Aquatic Ingenieria y Proyectos de piscinas e industria","isPartOf":{"@id":"https:\/\/www.aquaticip.com\/#website"},"datePublished":"2022-07-13T12:56:04+00:00","dateModified":"2022-10-17T12:04:11+00:00","breadcrumb":{"@id":"https:\/\/www.aquaticip.com\/ca\/peps\/#breadcrumb"},"inLanguage":"ca","potentialAction":[{"@type":"ReadAction","target":["https:\/\/www.aquaticip.com\/ca\/peps\/"]}]},{"@type":"BreadcrumbList","@id":"https:\/\/www.aquaticip.com\/ca\/peps\/#breadcrumb","itemListElement":[{"@type":"ListItem","position":1,"name":"Portada","item":"https:\/\/www.aquaticip.com\/ca\/"},{"@type":"ListItem","position":2,"name":"Peps"}]},{"@type":"WebSite","@id":"https:\/\/www.aquaticip.com\/#website","url":"https:\/\/www.aquaticip.com\/","name":"Aquatic Ingenieria y Proyectos de piscinas e industria","description":"Aquatic, construcci\u00f3n piscinas y sostenibilidad en industria","publisher":{"@id":"https:\/\/www.aquaticip.com\/#organization"},"potentialAction":[{"@type":"SearchAction","target":{"@type":"EntryPoint","urlTemplate":"https:\/\/www.aquaticip.com\/?s={search_term_string}"},"query-input":{"@type":"PropertyValueSpecification","valueRequired":true,"valueName":"search_term_string"}}],"inLanguage":"ca"},{"@type":"Organization","@id":"https:\/\/www.aquaticip.com\/#organization","name":"Aquatic Ingenieria y proyectos acu\u00e1ticos","url":"https:\/\/www.aquaticip.com\/","logo":{"@type":"ImageObject","inLanguage":"ca","@id":"https:\/\/www.aquaticip.com\/#\/schema\/logo\/image\/","url":"https:\/\/www.aquaticip.com\/wp-content\/uploads\/2022\/04\/Logo-Aquatic-RGB-25-e1650444501768.png","contentUrl":"https:\/\/www.aquaticip.com\/wp-content\/uploads\/2022\/04\/Logo-Aquatic-RGB-25-e1650444501768.png","width":200,"height":49,"caption":"Aquatic Ingenieria y proyectos acu\u00e1ticos"},"image":{"@id":"https:\/\/www.aquaticip.com\/#\/schema\/logo\/image\/"},"sameAs":["https:\/\/es-es.facebook.com\/quicesawatercare\/","https:\/\/www.linkedin.com\/showcase\/quicesa-watercare-aquatic","https:\/\/www.youtube.com\/channel\/UCDvwWQSB_QhOm0c4RYs3aIQ"]}]}},"_links":{"self":[{"href":"https:\/\/www.aquaticip.com\/ca\/wp-json\/wp\/v2\/pages\/11075","targetHints":{"allow":["GET"]}}],"collection":[{"href":"https:\/\/www.aquaticip.com\/ca\/wp-json\/wp\/v2\/pages"}],"about":[{"href":"https:\/\/www.aquaticip.com\/ca\/wp-json\/wp\/v2\/types\/page"}],"author":[{"embeddable":true,"href":"https:\/\/www.aquaticip.com\/ca\/wp-json\/wp\/v2\/users\/328"}],"replies":[{"embeddable":true,"href":"https:\/\/www.aquaticip.com\/ca\/wp-json\/wp\/v2\/comments?post=11075"}],"version-history":[{"count":5,"href":"https:\/\/www.aquaticip.com\/ca\/wp-json\/wp\/v2\/pages\/11075\/revisions"}],"predecessor-version":[{"id":11697,"href":"https:\/\/www.aquaticip.com\/ca\/wp-json\/wp\/v2\/pages\/11075\/revisions\/11697"}],"wp:attachment":[{"href":"https:\/\/www.aquaticip.com\/ca\/wp-json\/wp\/v2\/media?parent=11075"}],"curies":[{"name":"wp","href":"https:\/\/api.w.org\/{rel}","templated":true}]}}